{"id":1639,"date":"2024-08-21T23:10:05","date_gmt":"2024-08-21T22:10:05","guid":{"rendered":"https:\/\/discoverarrabida.com\/?page_id=1639"},"modified":"2024-08-23T19:03:04","modified_gmt":"2024-08-23T18:03:04","slug":"politica-de-cookies","status":"publish","type":"page","link":"https:\/\/discoverarrabida.com\/pt-pt\/politica-de-cookies\/","title":{"rendered":"Politica de Cookies"},"content":{"rendered":"\t\t<div data-elementor-type=\"wp-page\" data-elementor-id=\"1639\" class=\"elementor elementor-1639\" data-elementor-post-type=\"page\">\n\t\t\t\t<div class=\"elementor-element elementor-element-21616b4 e-flex e-con-boxed e-con e-parent\" data-id=\"21616b4\" data-element_type=\"container\" data-e-type=\"container\">\n\t\t\t\t\t<div class=\"e-con-inner\">\n\t\t\t\t<div class=\"elementor-element elementor-element-ad8234f elementor-widget elementor-widget-text-editor\" data-id=\"ad8234f\" data-element_type=\"widget\" data-e-type=\"widget\" data-widget_type=\"text-editor.default\">\n\t\t\t\t<div class=\"elementor-widget-container\">\n\t\t\t\t\t\t\t\t\t<h1>Pol\u00edtica de Cookies<\/h1><p>Esta Pol\u00edtica de Cookies visa informar os utilizadores da Discover Arr\u00e1bida sobre o uso de cookies durante a navega\u00e7\u00e3o. Os cookies s\u00e3o pequenos ficheiros de texto que s\u00e3o armazenados no seu dispositivo quando visita o nosso site.<\/p><h3>Porque utilizamos cookies?<\/h3><p>Utilizamos cookies exclusivamente para:<\/p><p><b>Google Analytics:<\/b> Atrav\u00e9s do Google Analytics, recolhemos dados estat\u00edsticos an\u00f3nimos sobre a forma como os utilizadores navegam no nosso site. Esta informa\u00e7\u00e3o ajuda-nos a melhorar a experi\u00eancia do utilizador e a otimizar o conte\u00fado.<\/p><p><b>Formul\u00e1rio de contacto:<\/b> Os dados que nos fornece atrav\u00e9s do formul\u00e1rio de contacto s\u00e3o utilizados apenas para responder \u00e0s suas perguntas e solicita\u00e7\u00f5es.<\/p><h3 data-sourcepos=\"16:1-16:33\">Que tipo de dados recolhemos?<\/h3><p data-sourcepos=\"18:1-18:48\">Os dados recolhidos atrav\u00e9s dos cookies incluem:<\/p><ul data-sourcepos=\"20:1-22:0\"><li data-sourcepos=\"20:1-20:156\">Google Analytics: Informa\u00e7\u00f5es sobre as p\u00e1ginas visitadas, o tempo de sess\u00e3o, o dispositivo utilizado e a localiza\u00e7\u00e3o geogr\u00e1fica (de forma aproximada).<\/li><li data-sourcepos=\"21:1-22:0\">Formul\u00e1rio de contacto: Os dados que nos fornecer, como o seu nome, email e mensagem.<\/li><\/ul><h3 data-sourcepos=\"23:1-23:2\">Como gerir os cookies?<\/h3><p data-sourcepos=\"25:1-25:167\">Pode configurar o seu navegador para aceitar ou rejeitar cookies. No entanto, a desativa\u00e7\u00e3o de alguns cookies pode afetar a sua experi\u00eancia de navega\u00e7\u00e3o no nosso site.<br \/>Para mais informa\u00e7\u00f5es sobre como gerir os cookies, consulte a sec\u00e7\u00e3o de ajuda do seu navegador.<\/p><h3 data-sourcepos=\"29:1-29:30\">Altera\u00e7\u00f5es a esta pol\u00edtica<\/h3><p data-sourcepos=\"31:1-31:162\">Podemos atualizar esta pol\u00edtica de cookies periodicamente. Recomendamos que consulte esta p\u00e1gina regularmente para se manter informado sobre quaisquer altera\u00e7\u00f5es.<\/p><h3 data-sourcepos=\"33:1-33:25\">Para mais informa\u00e7\u00f5es<\/h3><p data-sourcepos=\"35:1-35:110\">Se tiver alguma d\u00favida sobre esta pol\u00edtica de cookies, por favor, contacte-nos atrav\u00e9s de info@discoverarrabida.com.<\/p><p data-sourcepos=\"37:1-37:2\">\u00a0<\/p>\t\t\t\t\t\t\t\t<\/div>\n\t\t\t\t<\/div>\n\t\t\t\t\t<\/div>\n\t\t\t\t<\/div>\n\t\t\t\t<\/div>\n\t\t","protected":false},"excerpt":{"rendered":"<p>Pol\u00edtica de Cookies Esta Pol\u00edtica de Cookies visa informar os utilizadores da Discover Arr\u00e1bida sobre o uso de cookies durante a navega\u00e7\u00e3o. Os cookies s\u00e3o pequenos ficheiros de texto que s\u00e3o armazenados no seu dispositivo quando visita o nosso site. Porque utilizamos cookies? Utilizamos cookies exclusivamente para: Google Analytics: Atrav\u00e9s do Google Analytics, recolhemos dados [&hellip;]<\/p>\n","protected":false},"author":1,"featured_media":0,"parent":0,"menu_order":100,"comment_status":"closed","ping_status":"closed","template":"","meta":{"iawp_total_views":2,"footnotes":""},"class_list":["post-1639","page","type-page","status-publish","hentry"],"_links":{"self":[{"href":"https:\/\/discoverarrabida.com\/pt-pt\/wp-json\/wp\/v2\/pages\/1639","targetHints":{"allow":["GET"]}}],"collection":[{"href":"https:\/\/discoverarrabida.com\/pt-pt\/wp-json\/wp\/v2\/pages"}],"about":[{"href":"https:\/\/discoverarrabida.com\/pt-pt\/wp-json\/wp\/v2\/types\/page"}],"author":[{"embeddable":true,"href":"https:\/\/discoverarrabida.com\/pt-pt\/wp-json\/wp\/v2\/users\/1"}],"replies":[{"embeddable":true,"href":"https:\/\/discoverarrabida.com\/pt-pt\/wp-json\/wp\/v2\/comments?post=1639"}],"version-history":[{"count":0,"href":"https:\/\/discoverarrabida.com\/pt-pt\/wp-json\/wp\/v2\/pages\/1639\/revisions"}],"wp:attachment":[{"href":"https:\/\/discoverarrabida.com\/pt-pt\/wp-json\/wp\/v2\/media?parent=1639"}],"curies":[{"name":"wp","href":"https:\/\/api.w.org\/{rel}","templated":true}]}}